{"id":45056,"date":"2025-10-30T06:32:57","date_gmt":"2025-10-30T06:32:57","guid":{"rendered":"https:\/\/camperjimny.com\/product\/camper-jimny-t-shirt-orte-an-denen-dich-niemand-findet\/"},"modified":"2025-11-04T07:09:50","modified_gmt":"2025-11-04T07:09:50","slug":"camper-jimny-t-shirt-orte-an-denen-dich-niemand-findet","status":"publish","type":"product","link":"https:\/\/camperjimny.com\/de\/produkt\/camper-jimny-t-shirt-orte-an-denen-dich-niemand-findet\/","title":{"rendered":"Camper Jimny T-Shirt \u2013 \u201eOrte, an denen dich niemand findet\u201c"},"content":{"rendered":"<p>Hergestellt aus 100 % hochwertiger Baumwolle, ist dieses bequeme und strapazierf\u00e4hige Shirt ideal f\u00fcr jede Erkundung \u2013 von Roadtrips und Camping bis zu deinen t\u00e4glichen Ausfl\u00fcgen.<\/p>\n<p>Vorne zeigt das dezente Camper-Jimny-Logo deine Leidenschaft f\u00fcr Freiheit und Natur, w\u00e4hrend die R\u00fcckseite mit einem einzigartigen, illustrierten Design die \u201eOrte, an denen dich niemand findet\u201c darstellt \u2013 inspiriert von echten griechischen Reisezielen.<\/p>\n<ul>\n<li data-start=\"2144\" data-end=\"2176\">\n<p data-start=\"2146\" data-end=\"2176\">F\u00fcr wahre Entdecker entworfen.<\/p>\n<\/li>\n<li data-start=\"2177\" data-end=\"2224\">\n<p data-start=\"2179\" data-end=\"2224\">Bequem, sommerlich und hautfreundlich.<\/p>\n<\/li>\n<li data-start=\"2225\" data-end=\"2281\">\n<p data-start=\"2227\" data-end=\"2281\">Trag es und werde Teil der Camper-Jimny-Community.<\/p>\n<\/li>\n<\/ul>\n","protected":false},"excerpt":{"rendered":"<p data-start=\"1676\" data-end=\"1748\">Erlebe den Geist des Abenteuers mit dem originalen Camper Jimny T-Shirt!<\/p>\n","protected":false},"featured_media":45018,"comment_status":"open","ping_status":"closed","template":"","meta":{"inline_featured_image":false},"product_brand":[],"product_cat":[226,240],"product_tag":[],"class_list":{"0":"post-45056","1":"product","2":"type-product","3":"status-publish","4":"has-post-thumbnail","6":"product_cat-cj-merchs-de","7":"product_cat-t-shirt-de","9":"first","10":"instock","11":"taxable","12":"shipping-taxable","13":"purchasable","14":"product-type-variable"},"yoast_head":"<!-- This site is optimized with the Yoast SEO plugin v26.2 - https:\/\/yoast.com\/wordpress\/plugins\/seo\/ -->\n<title>Camper Jimny T-Shirt \u2013 \u201eOrte, an denen dich niemand findet\u201c - CamperJimny<\/title>\n<meta name=\"description\" content=\"Erlebe das originale Camper Jimny T-Shirt, inspiriert von echten griechischen Reisezielen. 100 % Baumwolle, bequem und robust \u2013 f\u00fcr Entdecker, die Freiheit lieben.\" \/>\n<meta name=\"robots\" content=\"index, follow, max-snippet:-1, max-image-preview:large, max-video-preview:-1\" \/>\n<link rel=\"canonical\" href=\"https:\/\/camperjimny.com\/de\/produkt\/camper-jimny-t-shirt-orte-an-denen-dich-niemand-findet\/\" \/>\n<meta property=\"og:locale\" content=\"de_DE\" \/>\n<meta property=\"og:type\" content=\"article\" \/>\n<meta property=\"og:title\" content=\"Camper Jimny T-Shirt \u2013 \u201eOrte, an denen dich niemand findet\u201c - CamperJimny\" \/>\n<meta property=\"og:description\" content=\"Erlebe das originale Camper Jimny T-Shirt, inspiriert von echten griechischen Reisezielen. 100 % Baumwolle, bequem und robust \u2013 f\u00fcr Entdecker, die Freiheit lieben.\" \/>\n<meta property=\"og:url\" content=\"https:\/\/camperjimny.com\/de\/produkt\/camper-jimny-t-shirt-orte-an-denen-dich-niemand-findet\/\" \/>\n<meta property=\"og:site_name\" content=\"CamperJimny\" \/>\n<meta property=\"article:publisher\" content=\"https:\/\/www.facebook.com\/profile.php?id=61565039700090\" \/>\n<meta property=\"article:modified_time\" content=\"2025-11-04T07:09:50+00:00\" \/>\n<meta property=\"og:image\" content=\"https:\/\/camperjimny.com\/wp-content\/uploads\/2025\/10\/Camper-Jimny-T-Shirt-\u2013-Places-Where-No-One-Can-Find-You-scaled.jpg\" \/>\n\t<meta property=\"og:image:width\" content=\"2560\" \/>\n\t<meta property=\"og:image:height\" content=\"1479\" \/>\n\t<meta property=\"og:image:type\" content=\"image\/jpeg\" \/>\n<meta name=\"twitter:card\" content=\"summary_large_image\" \/>\n<meta name=\"twitter:label1\" content=\"Gesch\u00e4tzte Lesezeit\" \/>\n\t<meta name=\"twitter:data1\" content=\"1\u00a0Minute\" \/>\n<script type=\"application\/ld+json\" class=\"yoast-schema-graph\">{\"@context\":\"https:\/\/schema.org\",\"@graph\":[{\"@type\":\"WebPage\",\"@id\":\"https:\/\/camperjimny.com\/de\/produkt\/camper-jimny-t-shirt-orte-an-denen-dich-niemand-findet\/\",\"url\":\"https:\/\/camperjimny.com\/de\/produkt\/camper-jimny-t-shirt-orte-an-denen-dich-niemand-findet\/\",\"name\":\"Camper Jimny T-Shirt \u2013 \u201eOrte, an denen dich niemand findet\u201c - CamperJimny\",\"isPartOf\":{\"@id\":\"https:\/\/camperjimny.com\/de\/#website\"},\"primaryImageOfPage\":{\"@id\":\"https:\/\/camperjimny.com\/de\/produkt\/camper-jimny-t-shirt-orte-an-denen-dich-niemand-findet\/#primaryimage\"},\"image\":{\"@id\":\"https:\/\/camperjimny.com\/de\/produkt\/camper-jimny-t-shirt-orte-an-denen-dich-niemand-findet\/#primaryimage\"},\"thumbnailUrl\":\"https:\/\/camperjimny.com\/wp-content\/uploads\/2025\/10\/Camper-Jimny-T-Shirt-\u2013-Places-Where-No-One-Can-Find-You-scaled.jpg\",\"datePublished\":\"2025-10-30T06:32:57+00:00\",\"dateModified\":\"2025-11-04T07:09:50+00:00\",\"description\":\"Erlebe das originale Camper Jimny T-Shirt, inspiriert von echten griechischen Reisezielen. 100 % Baumwolle, bequem und robust \u2013 f\u00fcr Entdecker, die Freiheit lieben.\",\"breadcrumb\":{\"@id\":\"https:\/\/camperjimny.com\/de\/produkt\/camper-jimny-t-shirt-orte-an-denen-dich-niemand-findet\/#breadcrumb\"},\"inLanguage\":\"de\",\"potentialAction\":[{\"@type\":\"ReadAction\",\"target\":[\"https:\/\/camperjimny.com\/de\/produkt\/camper-jimny-t-shirt-orte-an-denen-dich-niemand-findet\/\"]}]},{\"@type\":\"ImageObject\",\"inLanguage\":\"de\",\"@id\":\"https:\/\/camperjimny.com\/de\/produkt\/camper-jimny-t-shirt-orte-an-denen-dich-niemand-findet\/#primaryimage\",\"url\":\"https:\/\/camperjimny.com\/wp-content\/uploads\/2025\/10\/Camper-Jimny-T-Shirt-\u2013-Places-Where-No-One-Can-Find-You-scaled.jpg\",\"contentUrl\":\"https:\/\/camperjimny.com\/wp-content\/uploads\/2025\/10\/Camper-Jimny-T-Shirt-\u2013-Places-Where-No-One-Can-Find-You-scaled.jpg\",\"width\":2560,\"height\":1479,\"caption\":\"Camper Jimny T-Shirt \u2013 \u201cPlaces Where No One Can Find You\"},{\"@type\":\"BreadcrumbList\",\"@id\":\"https:\/\/camperjimny.com\/de\/produkt\/camper-jimny-t-shirt-orte-an-denen-dich-niemand-findet\/#breadcrumb\",\"itemListElement\":[{\"@type\":\"ListItem\",\"position\":1,\"name\":\"Home\",\"item\":\"https:\/\/camperjimny.com\/de\/\"},{\"@type\":\"ListItem\",\"position\":2,\"name\":\"Camper Jimny T-Shirt \u2013 \u201eOrte, an denen dich niemand findet\u201c\"}]},{\"@type\":\"WebSite\",\"@id\":\"https:\/\/camperjimny.com\/de\/#website\",\"url\":\"https:\/\/camperjimny.com\/de\/\",\"name\":\"Camper Jimny\",\"description\":\"Make Memories Explore Your Adventure\",\"publisher\":{\"@id\":\"https:\/\/camperjimny.com\/de\/#organization\"},\"potentialAction\":[{\"@type\":\"SearchAction\",\"target\":{\"@type\":\"EntryPoint\",\"urlTemplate\":\"https:\/\/camperjimny.com\/de\/?s={search_term_string}\"},\"query-input\":{\"@type\":\"PropertyValueSpecification\",\"valueRequired\":true,\"valueName\":\"search_term_string\"}}],\"inLanguage\":\"de\"},{\"@type\":\"Organization\",\"@id\":\"https:\/\/camperjimny.com\/de\/#organization\",\"name\":\"Camper Jimny\",\"url\":\"https:\/\/camperjimny.com\/de\/\",\"logo\":{\"@type\":\"ImageObject\",\"inLanguage\":\"de\",\"@id\":\"https:\/\/camperjimny.com\/de\/#\/schema\/logo\/image\/\",\"url\":\"https:\/\/camperjimny.com\/wp-content\/uploads\/2024\/09\/camper-jimny-logo.webp\",\"contentUrl\":\"https:\/\/camperjimny.com\/wp-content\/uploads\/2024\/09\/camper-jimny-logo.webp\",\"width\":500,\"height\":499,\"caption\":\"Camper Jimny\"},\"image\":{\"@id\":\"https:\/\/camperjimny.com\/de\/#\/schema\/logo\/image\/\"},\"sameAs\":[\"https:\/\/www.facebook.com\/profile.php?id=61565039700090\",\"https:\/\/instagram.com\/gocamperjimny\"]}]}<\/script>\n<!-- \/ Yoast SEO plugin. -->","yoast_head_json":{"title":"Camper Jimny T-Shirt \u2013 \u201eOrte, an denen dich niemand findet\u201c - CamperJimny","description":"Erlebe das originale Camper Jimny T-Shirt, inspiriert von echten griechischen Reisezielen. 100 % Baumwolle, bequem und robust \u2013 f\u00fcr Entdecker, die Freiheit lieben.","robots":{"index":"index","follow":"follow","max-snippet":"max-snippet:-1","max-image-preview":"max-image-preview:large","max-video-preview":"max-video-preview:-1"},"canonical":"https:\/\/camperjimny.com\/de\/produkt\/camper-jimny-t-shirt-orte-an-denen-dich-niemand-findet\/","og_locale":"de_DE","og_type":"article","og_title":"Camper Jimny T-Shirt \u2013 \u201eOrte, an denen dich niemand findet\u201c - CamperJimny","og_description":"Erlebe das originale Camper Jimny T-Shirt, inspiriert von echten griechischen Reisezielen. 100 % Baumwolle, bequem und robust \u2013 f\u00fcr Entdecker, die Freiheit lieben.","og_url":"https:\/\/camperjimny.com\/de\/produkt\/camper-jimny-t-shirt-orte-an-denen-dich-niemand-findet\/","og_site_name":"CamperJimny","article_publisher":"https:\/\/www.facebook.com\/profile.php?id=61565039700090","article_modified_time":"2025-11-04T07:09:50+00:00","og_image":[{"width":2560,"height":1479,"url":"https:\/\/camperjimny.com\/wp-content\/uploads\/2025\/10\/Camper-Jimny-T-Shirt-\u2013-Places-Where-No-One-Can-Find-You-scaled.jpg","type":"image\/jpeg"}],"twitter_card":"summary_large_image","twitter_misc":{"Gesch\u00e4tzte Lesezeit":"1\u00a0Minute"},"schema":{"@context":"https:\/\/schema.org","@graph":[{"@type":"WebPage","@id":"https:\/\/camperjimny.com\/de\/produkt\/camper-jimny-t-shirt-orte-an-denen-dich-niemand-findet\/","url":"https:\/\/camperjimny.com\/de\/produkt\/camper-jimny-t-shirt-orte-an-denen-dich-niemand-findet\/","name":"Camper Jimny T-Shirt \u2013 \u201eOrte, an denen dich niemand findet\u201c - CamperJimny","isPartOf":{"@id":"https:\/\/camperjimny.com\/de\/#website"},"primaryImageOfPage":{"@id":"https:\/\/camperjimny.com\/de\/produkt\/camper-jimny-t-shirt-orte-an-denen-dich-niemand-findet\/#primaryimage"},"image":{"@id":"https:\/\/camperjimny.com\/de\/produkt\/camper-jimny-t-shirt-orte-an-denen-dich-niemand-findet\/#primaryimage"},"thumbnailUrl":"https:\/\/camperjimny.com\/wp-content\/uploads\/2025\/10\/Camper-Jimny-T-Shirt-\u2013-Places-Where-No-One-Can-Find-You-scaled.jpg","datePublished":"2025-10-30T06:32:57+00:00","dateModified":"2025-11-04T07:09:50+00:00","description":"Erlebe das originale Camper Jimny T-Shirt, inspiriert von echten griechischen Reisezielen. 100 % Baumwolle, bequem und robust \u2013 f\u00fcr Entdecker, die Freiheit lieben.","breadcrumb":{"@id":"https:\/\/camperjimny.com\/de\/produkt\/camper-jimny-t-shirt-orte-an-denen-dich-niemand-findet\/#breadcrumb"},"inLanguage":"de","potentialAction":[{"@type":"ReadAction","target":["https:\/\/camperjimny.com\/de\/produkt\/camper-jimny-t-shirt-orte-an-denen-dich-niemand-findet\/"]}]},{"@type":"ImageObject","inLanguage":"de","@id":"https:\/\/camperjimny.com\/de\/produkt\/camper-jimny-t-shirt-orte-an-denen-dich-niemand-findet\/#primaryimage","url":"https:\/\/camperjimny.com\/wp-content\/uploads\/2025\/10\/Camper-Jimny-T-Shirt-\u2013-Places-Where-No-One-Can-Find-You-scaled.jpg","contentUrl":"https:\/\/camperjimny.com\/wp-content\/uploads\/2025\/10\/Camper-Jimny-T-Shirt-\u2013-Places-Where-No-One-Can-Find-You-scaled.jpg","width":2560,"height":1479,"caption":"Camper Jimny T-Shirt \u2013 \u201cPlaces Where No One Can Find You"},{"@type":"BreadcrumbList","@id":"https:\/\/camperjimny.com\/de\/produkt\/camper-jimny-t-shirt-orte-an-denen-dich-niemand-findet\/#breadcrumb","itemListElement":[{"@type":"ListItem","position":1,"name":"Home","item":"https:\/\/camperjimny.com\/de\/"},{"@type":"ListItem","position":2,"name":"Camper Jimny T-Shirt \u2013 \u201eOrte, an denen dich niemand findet\u201c"}]},{"@type":"WebSite","@id":"https:\/\/camperjimny.com\/de\/#website","url":"https:\/\/camperjimny.com\/de\/","name":"Camper Jimny","description":"Make Memories Explore Your Adventure","publisher":{"@id":"https:\/\/camperjimny.com\/de\/#organization"},"potentialAction":[{"@type":"SearchAction","target":{"@type":"EntryPoint","urlTemplate":"https:\/\/camperjimny.com\/de\/?s={search_term_string}"},"query-input":{"@type":"PropertyValueSpecification","valueRequired":true,"valueName":"search_term_string"}}],"inLanguage":"de"},{"@type":"Organization","@id":"https:\/\/camperjimny.com\/de\/#organization","name":"Camper Jimny","url":"https:\/\/camperjimny.com\/de\/","logo":{"@type":"ImageObject","inLanguage":"de","@id":"https:\/\/camperjimny.com\/de\/#\/schema\/logo\/image\/","url":"https:\/\/camperjimny.com\/wp-content\/uploads\/2024\/09\/camper-jimny-logo.webp","contentUrl":"https:\/\/camperjimny.com\/wp-content\/uploads\/2024\/09\/camper-jimny-logo.webp","width":500,"height":499,"caption":"Camper Jimny"},"image":{"@id":"https:\/\/camperjimny.com\/de\/#\/schema\/logo\/image\/"},"sameAs":["https:\/\/www.facebook.com\/profile.php?id=61565039700090","https:\/\/instagram.com\/gocamperjimny"]}]}},"_links":{"self":[{"href":"https:\/\/camperjimny.com\/de\/wp-json\/wp\/v2\/product\/45056","targetHints":{"allow":["GET"]}}],"collection":[{"href":"https:\/\/camperjimny.com\/de\/wp-json\/wp\/v2\/product"}],"about":[{"href":"https:\/\/camperjimny.com\/de\/wp-json\/wp\/v2\/types\/product"}],"replies":[{"embeddable":true,"href":"https:\/\/camperjimny.com\/de\/wp-json\/wp\/v2\/comments?post=45056"}],"version-history":[{"count":1,"href":"https:\/\/camperjimny.com\/de\/wp-json\/wp\/v2\/product\/45056\/revisions"}],"predecessor-version":[{"id":45370,"href":"https:\/\/camperjimny.com\/de\/wp-json\/wp\/v2\/product\/45056\/revisions\/45370"}],"wp:featuredmedia":[{"embeddable":true,"href":"https:\/\/camperjimny.com\/de\/wp-json\/wp\/v2\/media\/45018"}],"wp:attachment":[{"href":"https:\/\/camperjimny.com\/de\/wp-json\/wp\/v2\/media?parent=45056"}],"wp:term":[{"taxonomy":"product_brand","embeddable":true,"href":"https:\/\/camperjimny.com\/de\/wp-json\/wp\/v2\/product_brand?post=45056"},{"taxonomy":"product_cat","embeddable":true,"href":"https:\/\/camperjimny.com\/de\/wp-json\/wp\/v2\/product_cat?post=45056"},{"taxonomy":"product_tag","embeddable":true,"href":"https:\/\/camperjimny.com\/de\/wp-json\/wp\/v2\/product_tag?post=45056"}],"curies":[{"name":"wp","href":"https:\/\/api.w.org\/{rel}","templated":true}]}}