{"id":45075,"date":"2025-10-30T08:00:40","date_gmt":"2025-10-30T08:00:40","guid":{"rendered":"https:\/\/camperjimny.com\/product\/camper-jimny-softshell-jacke-orte-an-denen-dich-niemand-findet\/"},"modified":"2025-11-04T07:09:47","modified_gmt":"2025-11-04T07:09:47","slug":"camper-jimny-softshell-jacke-orte-an-denen-dich-niemand-findet","status":"publish","type":"product","link":"https:\/\/camperjimny.com\/de\/produkt\/camper-jimny-softshell-jacke-orte-an-denen-dich-niemand-findet\/","title":{"rendered":"Camper Jimny Softshell Jacke \u2013 \u201eOrte, an denen dich niemand findet\u201c"},"content":{"rendered":"<p data-start=\"1823\" data-end=\"1996\">Gefertigt aus wind- und wasserdichtem Material, bietet sie Komfort und Schutz bei jedem Wetter. Das weiche Innenfutter h\u00e4lt dich warm, ohne zu beschweren.<\/p>\n<p data-start=\"1998\" data-end=\"2190\">Vorne zeigt sich das fein gestickte Camper Jimny Logo auf Brust und \u00c4rmel, w\u00e4hrend auf der R\u00fcckseite die \u201eOrte, an denen dich niemand findet\u201c illustriert sind \u2013 inspiriert von echten griechischen Reisezielen.<\/p>\n<ul data-start=\"2192\" data-end=\"2326\">\n<li data-start=\"2192\" data-end=\"2248\">\n<p data-start=\"2194\" data-end=\"2248\">Ideal f\u00fcr Autofahrten, Camping und Outdoor-Aktivit\u00e4ten<\/p>\n<\/li>\n<li data-start=\"2249\" data-end=\"2288\">\n<p data-start=\"2251\" data-end=\"2288\">Winddicht \u2013 Wasserdicht \u2013 Atmungsaktiv<\/p>\n<\/li>\n<li data-start=\"2289\" data-end=\"2326\">\n<p data-start=\"2291\" data-end=\"2326\">Camper Jimny Spirit in jedem Detail<\/p>\n<\/li>\n<\/ul>\n","protected":false},"excerpt":{"rendered":"<p>Warm, robust und bereit f\u00fcr jedes Abenteuer \u2013 die Camper Jimny Softshell Jacke ist die perfekte Wahl f\u00fcr Naturliebhaber und Roadtrip-Fans.<\/p>\n","protected":false},"featured_media":45063,"comment_status":"open","ping_status":"closed","template":"","meta":{"inline_featured_image":false},"product_brand":[],"product_cat":[226,239],"product_tag":[],"class_list":{"0":"post-45075","1":"product","2":"type-product","3":"status-publish","4":"has-post-thumbnail","6":"product_cat-cj-merchs-de","7":"product_cat-jacke","9":"first","10":"instock","11":"taxable","12":"shipping-taxable","13":"purchasable","14":"product-type-variable"},"yoast_head":"<!-- This site is optimized with the Yoast SEO plugin v26.2 - https:\/\/yoast.com\/wordpress\/plugins\/seo\/ -->\n<title>Camper Jimny Softshell Jacke \u2013 \u201eOrte, an denen dich niemand findet\u201c - CamperJimny<\/title>\n<meta name=\"description\" content=\"Warm, robust und bereit f\u00fcr jedes Abenteuer \u2013 die Camper Jimny Softshell Jacke ist die perfekte Wahl f\u00fcr Naturliebhaber und Roadtrip-Fans.\" \/>\n<meta name=\"robots\" content=\"index, follow, max-snippet:-1, max-image-preview:large, max-video-preview:-1\" \/>\n<link rel=\"canonical\" href=\"https:\/\/camperjimny.com\/de\/produkt\/camper-jimny-softshell-jacke-orte-an-denen-dich-niemand-findet\/\" \/>\n<meta property=\"og:locale\" content=\"de_DE\" \/>\n<meta property=\"og:type\" content=\"article\" \/>\n<meta property=\"og:title\" content=\"Camper Jimny Softshell Jacke\" \/>\n<meta property=\"og:description\" content=\"Warm, robust und bereit f\u00fcr jedes Abenteuer \u2013 die Camper Jimny Softshell Jacke ist die perfekte Wahl f\u00fcr Naturliebhaber und Roadtrip-Fans.\" \/>\n<meta property=\"og:url\" content=\"https:\/\/camperjimny.com\/de\/produkt\/camper-jimny-softshell-jacke-orte-an-denen-dich-niemand-findet\/\" \/>\n<meta property=\"og:site_name\" content=\"CamperJimny\" \/>\n<meta property=\"article:publisher\" content=\"https:\/\/www.facebook.com\/profile.php?id=61565039700090\" \/>\n<meta property=\"article:modified_time\" content=\"2025-11-04T07:09:47+00:00\" \/>\n<meta property=\"og:image\" content=\"https:\/\/camperjimny.com\/wp-content\/uploads\/2025\/10\/Jacket-Camperjimny-1024x603.jpg\" \/>\n<meta name=\"twitter:card\" content=\"summary_large_image\" \/>\n<meta name=\"twitter:title\" content=\"Camper Jimny Softshell Jacke\" \/>\n<meta name=\"twitter:description\" content=\"Warm, robust und bereit f\u00fcr jedes Abenteuer \u2013 die Camper Jimny Softshell Jacke ist die perfekte Wahl f\u00fcr Naturliebhaber und Roadtrip-Fans.\" \/>\n<meta name=\"twitter:image\" content=\"https:\/\/camperjimny.com\/wp-content\/uploads\/2025\/10\/Jacket-Camperjimny-1024x603.jpg\" \/>\n<meta name=\"twitter:label1\" content=\"Gesch\u00e4tzte Lesezeit\" \/>\n\t<meta name=\"twitter:data1\" content=\"1\u00a0Minute\" \/>\n<script type=\"application\/ld+json\" class=\"yoast-schema-graph\">{\"@context\":\"https:\/\/schema.org\",\"@graph\":[{\"@type\":\"WebPage\",\"@id\":\"https:\/\/camperjimny.com\/de\/produkt\/camper-jimny-softshell-jacke-orte-an-denen-dich-niemand-findet\/\",\"url\":\"https:\/\/camperjimny.com\/de\/produkt\/camper-jimny-softshell-jacke-orte-an-denen-dich-niemand-findet\/\",\"name\":\"Camper Jimny Softshell Jacke \u2013 \u201eOrte, an denen dich niemand findet\u201c - CamperJimny\",\"isPartOf\":{\"@id\":\"https:\/\/camperjimny.com\/de\/#website\"},\"primaryImageOfPage\":{\"@id\":\"https:\/\/camperjimny.com\/de\/produkt\/camper-jimny-softshell-jacke-orte-an-denen-dich-niemand-findet\/#primaryimage\"},\"image\":{\"@id\":\"https:\/\/camperjimny.com\/de\/produkt\/camper-jimny-softshell-jacke-orte-an-denen-dich-niemand-findet\/#primaryimage\"},\"thumbnailUrl\":\"https:\/\/camperjimny.com\/wp-content\/uploads\/2025\/10\/Jacket-Camperjimny-scaled.jpg\",\"datePublished\":\"2025-10-30T08:00:40+00:00\",\"dateModified\":\"2025-11-04T07:09:47+00:00\",\"description\":\"Warm, robust und bereit f\u00fcr jedes Abenteuer \u2013 die Camper Jimny Softshell Jacke ist die perfekte Wahl f\u00fcr Naturliebhaber und Roadtrip-Fans.\",\"breadcrumb\":{\"@id\":\"https:\/\/camperjimny.com\/de\/produkt\/camper-jimny-softshell-jacke-orte-an-denen-dich-niemand-findet\/#breadcrumb\"},\"inLanguage\":\"de\",\"potentialAction\":[{\"@type\":\"ReadAction\",\"target\":[\"https:\/\/camperjimny.com\/de\/produkt\/camper-jimny-softshell-jacke-orte-an-denen-dich-niemand-findet\/\"]}]},{\"@type\":\"ImageObject\",\"inLanguage\":\"de\",\"@id\":\"https:\/\/camperjimny.com\/de\/produkt\/camper-jimny-softshell-jacke-orte-an-denen-dich-niemand-findet\/#primaryimage\",\"url\":\"https:\/\/camperjimny.com\/wp-content\/uploads\/2025\/10\/Jacket-Camperjimny-scaled.jpg\",\"contentUrl\":\"https:\/\/camperjimny.com\/wp-content\/uploads\/2025\/10\/Jacket-Camperjimny-scaled.jpg\",\"width\":2560,\"height\":1508,\"caption\":\"Camper Jimny Softshell Jacket\"},{\"@type\":\"BreadcrumbList\",\"@id\":\"https:\/\/camperjimny.com\/de\/produkt\/camper-jimny-softshell-jacke-orte-an-denen-dich-niemand-findet\/#breadcrumb\",\"itemListElement\":[{\"@type\":\"ListItem\",\"position\":1,\"name\":\"Home\",\"item\":\"https:\/\/camperjimny.com\/de\/\"},{\"@type\":\"ListItem\",\"position\":2,\"name\":\"Camper Jimny Softshell Jacke \u2013 \u201eOrte, an denen dich niemand findet\u201c\"}]},{\"@type\":\"WebSite\",\"@id\":\"https:\/\/camperjimny.com\/de\/#website\",\"url\":\"https:\/\/camperjimny.com\/de\/\",\"name\":\"Camper Jimny\",\"description\":\"Make Memories Explore Your Adventure\",\"publisher\":{\"@id\":\"https:\/\/camperjimny.com\/de\/#organization\"},\"potentialAction\":[{\"@type\":\"SearchAction\",\"target\":{\"@type\":\"EntryPoint\",\"urlTemplate\":\"https:\/\/camperjimny.com\/de\/?s={search_term_string}\"},\"query-input\":{\"@type\":\"PropertyValueSpecification\",\"valueRequired\":true,\"valueName\":\"search_term_string\"}}],\"inLanguage\":\"de\"},{\"@type\":\"Organization\",\"@id\":\"https:\/\/camperjimny.com\/de\/#organization\",\"name\":\"Camper Jimny\",\"url\":\"https:\/\/camperjimny.com\/de\/\",\"logo\":{\"@type\":\"ImageObject\",\"inLanguage\":\"de\",\"@id\":\"https:\/\/camperjimny.com\/de\/#\/schema\/logo\/image\/\",\"url\":\"https:\/\/camperjimny.com\/wp-content\/uploads\/2024\/09\/camper-jimny-logo.webp\",\"contentUrl\":\"https:\/\/camperjimny.com\/wp-content\/uploads\/2024\/09\/camper-jimny-logo.webp\",\"width\":500,\"height\":499,\"caption\":\"Camper Jimny\"},\"image\":{\"@id\":\"https:\/\/camperjimny.com\/de\/#\/schema\/logo\/image\/\"},\"sameAs\":[\"https:\/\/www.facebook.com\/profile.php?id=61565039700090\",\"https:\/\/instagram.com\/gocamperjimny\"]}]}<\/script>\n<!-- \/ Yoast SEO plugin. -->","yoast_head_json":{"title":"Camper Jimny Softshell Jacke \u2013 \u201eOrte, an denen dich niemand findet\u201c - CamperJimny","description":"Warm, robust und bereit f\u00fcr jedes Abenteuer \u2013 die Camper Jimny Softshell Jacke ist die perfekte Wahl f\u00fcr Naturliebhaber und Roadtrip-Fans.","robots":{"index":"index","follow":"follow","max-snippet":"max-snippet:-1","max-image-preview":"max-image-preview:large","max-video-preview":"max-video-preview:-1"},"canonical":"https:\/\/camperjimny.com\/de\/produkt\/camper-jimny-softshell-jacke-orte-an-denen-dich-niemand-findet\/","og_locale":"de_DE","og_type":"article","og_title":"Camper Jimny Softshell Jacke","og_description":"Warm, robust und bereit f\u00fcr jedes Abenteuer \u2013 die Camper Jimny Softshell Jacke ist die perfekte Wahl f\u00fcr Naturliebhaber und Roadtrip-Fans.","og_url":"https:\/\/camperjimny.com\/de\/produkt\/camper-jimny-softshell-jacke-orte-an-denen-dich-niemand-findet\/","og_site_name":"CamperJimny","article_publisher":"https:\/\/www.facebook.com\/profile.php?id=61565039700090","article_modified_time":"2025-11-04T07:09:47+00:00","og_image":[{"url":"https:\/\/camperjimny.com\/wp-content\/uploads\/2025\/10\/Jacket-Camperjimny-1024x603.jpg","type":"","width":"","height":""}],"twitter_card":"summary_large_image","twitter_title":"Camper Jimny Softshell Jacke","twitter_description":"Warm, robust und bereit f\u00fcr jedes Abenteuer \u2013 die Camper Jimny Softshell Jacke ist die perfekte Wahl f\u00fcr Naturliebhaber und Roadtrip-Fans.","twitter_image":"https:\/\/camperjimny.com\/wp-content\/uploads\/2025\/10\/Jacket-Camperjimny-1024x603.jpg","twitter_misc":{"Gesch\u00e4tzte Lesezeit":"1\u00a0Minute"},"schema":{"@context":"https:\/\/schema.org","@graph":[{"@type":"WebPage","@id":"https:\/\/camperjimny.com\/de\/produkt\/camper-jimny-softshell-jacke-orte-an-denen-dich-niemand-findet\/","url":"https:\/\/camperjimny.com\/de\/produkt\/camper-jimny-softshell-jacke-orte-an-denen-dich-niemand-findet\/","name":"Camper Jimny Softshell Jacke \u2013 \u201eOrte, an denen dich niemand findet\u201c - CamperJimny","isPartOf":{"@id":"https:\/\/camperjimny.com\/de\/#website"},"primaryImageOfPage":{"@id":"https:\/\/camperjimny.com\/de\/produkt\/camper-jimny-softshell-jacke-orte-an-denen-dich-niemand-findet\/#primaryimage"},"image":{"@id":"https:\/\/camperjimny.com\/de\/produkt\/camper-jimny-softshell-jacke-orte-an-denen-dich-niemand-findet\/#primaryimage"},"thumbnailUrl":"https:\/\/camperjimny.com\/wp-content\/uploads\/2025\/10\/Jacket-Camperjimny-scaled.jpg","datePublished":"2025-10-30T08:00:40+00:00","dateModified":"2025-11-04T07:09:47+00:00","description":"Warm, robust und bereit f\u00fcr jedes Abenteuer \u2013 die Camper Jimny Softshell Jacke ist die perfekte Wahl f\u00fcr Naturliebhaber und Roadtrip-Fans.","breadcrumb":{"@id":"https:\/\/camperjimny.com\/de\/produkt\/camper-jimny-softshell-jacke-orte-an-denen-dich-niemand-findet\/#breadcrumb"},"inLanguage":"de","potentialAction":[{"@type":"ReadAction","target":["https:\/\/camperjimny.com\/de\/produkt\/camper-jimny-softshell-jacke-orte-an-denen-dich-niemand-findet\/"]}]},{"@type":"ImageObject","inLanguage":"de","@id":"https:\/\/camperjimny.com\/de\/produkt\/camper-jimny-softshell-jacke-orte-an-denen-dich-niemand-findet\/#primaryimage","url":"https:\/\/camperjimny.com\/wp-content\/uploads\/2025\/10\/Jacket-Camperjimny-scaled.jpg","contentUrl":"https:\/\/camperjimny.com\/wp-content\/uploads\/2025\/10\/Jacket-Camperjimny-scaled.jpg","width":2560,"height":1508,"caption":"Camper Jimny Softshell Jacket"},{"@type":"BreadcrumbList","@id":"https:\/\/camperjimny.com\/de\/produkt\/camper-jimny-softshell-jacke-orte-an-denen-dich-niemand-findet\/#breadcrumb","itemListElement":[{"@type":"ListItem","position":1,"name":"Home","item":"https:\/\/camperjimny.com\/de\/"},{"@type":"ListItem","position":2,"name":"Camper Jimny Softshell Jacke \u2013 \u201eOrte, an denen dich niemand findet\u201c"}]},{"@type":"WebSite","@id":"https:\/\/camperjimny.com\/de\/#website","url":"https:\/\/camperjimny.com\/de\/","name":"Camper Jimny","description":"Make Memories Explore Your Adventure","publisher":{"@id":"https:\/\/camperjimny.com\/de\/#organization"},"potentialAction":[{"@type":"SearchAction","target":{"@type":"EntryPoint","urlTemplate":"https:\/\/camperjimny.com\/de\/?s={search_term_string}"},"query-input":{"@type":"PropertyValueSpecification","valueRequired":true,"valueName":"search_term_string"}}],"inLanguage":"de"},{"@type":"Organization","@id":"https:\/\/camperjimny.com\/de\/#organization","name":"Camper Jimny","url":"https:\/\/camperjimny.com\/de\/","logo":{"@type":"ImageObject","inLanguage":"de","@id":"https:\/\/camperjimny.com\/de\/#\/schema\/logo\/image\/","url":"https:\/\/camperjimny.com\/wp-content\/uploads\/2024\/09\/camper-jimny-logo.webp","contentUrl":"https:\/\/camperjimny.com\/wp-content\/uploads\/2024\/09\/camper-jimny-logo.webp","width":500,"height":499,"caption":"Camper Jimny"},"image":{"@id":"https:\/\/camperjimny.com\/de\/#\/schema\/logo\/image\/"},"sameAs":["https:\/\/www.facebook.com\/profile.php?id=61565039700090","https:\/\/instagram.com\/gocamperjimny"]}]}},"_links":{"self":[{"href":"https:\/\/camperjimny.com\/de\/wp-json\/wp\/v2\/product\/45075","targetHints":{"allow":["GET"]}}],"collection":[{"href":"https:\/\/camperjimny.com\/de\/wp-json\/wp\/v2\/product"}],"about":[{"href":"https:\/\/camperjimny.com\/de\/wp-json\/wp\/v2\/types\/product"}],"replies":[{"embeddable":true,"href":"https:\/\/camperjimny.com\/de\/wp-json\/wp\/v2\/comments?post=45075"}],"version-history":[{"count":1,"href":"https:\/\/camperjimny.com\/de\/wp-json\/wp\/v2\/product\/45075\/revisions"}],"predecessor-version":[{"id":45369,"href":"https:\/\/camperjimny.com\/de\/wp-json\/wp\/v2\/product\/45075\/revisions\/45369"}],"wp:featuredmedia":[{"embeddable":true,"href":"https:\/\/camperjimny.com\/de\/wp-json\/wp\/v2\/media\/45063"}],"wp:attachment":[{"href":"https:\/\/camperjimny.com\/de\/wp-json\/wp\/v2\/media?parent=45075"}],"wp:term":[{"taxonomy":"product_brand","embeddable":true,"href":"https:\/\/camperjimny.com\/de\/wp-json\/wp\/v2\/product_brand?post=45075"},{"taxonomy":"product_cat","embeddable":true,"href":"https:\/\/camperjimny.com\/de\/wp-json\/wp\/v2\/product_cat?post=45075"},{"taxonomy":"product_tag","embeddable":true,"href":"https:\/\/camperjimny.com\/de\/wp-json\/wp\/v2\/product_tag?post=45075"}],"curies":[{"name":"wp","href":"https:\/\/api.w.org\/{rel}","templated":true}]}}